{"id":237,"date":"2023-11-08T12:19:25","date_gmt":"2023-11-08T17:19:25","guid":{"rendered":"https:\/\/wise-meetings.com\/wise-tech\/?page_id=237"},"modified":"2024-02-16T14:43:50","modified_gmt":"2024-02-16T19:43:50","slug":"categorias","status":"publish","type":"page","link":"https:\/\/wise-meetings.com\/wise-tech\/categorias\/","title":{"rendered":"Categor\u00edas"},"content":{"rendered":"\t\t<div data-elementor-type=\"wp-page\" data-elementor-id=\"237\" class=\"elementor elementor-237\" data-elementor-post-type=\"page\">\n\t\t\t\t\t\t\t<div class=\"elementor-element elementor-element-1e1bb1e e-con-full e-flex e-con e-parent\" data-id=\"1e1bb1e\" data-element_type=\"container\" data-settings=\"{&quot;content_width&quot;:&quot;full&quot;}\" data-core-v316-plus=\"true\">\n\t\t<div class=\"elementor-element elementor-element-2aa6fca8 e-flex e-con-boxed e-con e-child\" data-id=\"2aa6fca8\" data-element_type=\"container\" data-settings=\"{&quot;content_width&quot;:&quot;boxed&quot;}\">\n\t\t\t\t\t<div class=\"e-con-inner\">\n\t\t<div class=\"elementor-element elementor-element-2d3704e6 e-con-full e-flex e-con e-child\" data-id=\"2d3704e6\" data-element_type=\"container\" data-settings=\"{&quot;content_width&quot;:&quot;full&quot;}\">\n\t\t\t\t<div class=\"elementor-element elementor-element-19cbf5ff elementor-widget elementor-widget-heading\" data-id=\"19cbf5ff\" data-element_type=\"widget\" data-widget_type=\"heading.default\">\n\t\t\t\t<div class=\"elementor-widget-container\">\n\t\t\t<style>\/*! elementor - v3.17.0 - 25-10-2023 *\/\n.elementor-heading-title{padding:0;margin:0;line-height:1}.elementor-widget-heading .elementor-heading-title[class*=elementor-size-]>a{color:inherit;font-size:inherit;line-height:inherit}.elementor-widget-heading .elementor-heading-title.elementor-size-small{font-size:15px}.elementor-widget-heading .elementor-heading-title.elementor-size-medium{font-size:19px}.elementor-widget-heading .elementor-heading-title.elementor-size-large{font-size:29px}.elementor-widget-heading .elementor-heading-title.elementor-size-xl{font-size:39px}.elementor-widget-heading .elementor-heading-title.elementor-size-xxl{font-size:59px}<\/style><h2 class=\"elementor-heading-title elementor-size-default\">Categor\u00edas <\/h2>\t\t<\/div>\n\t\t\t\t<\/div>\n\t\t\t\t<\/div>\n\t\t<div class=\"elementor-element elementor-element-980dde3 e-con-full e-flex e-con e-child\" data-id=\"980dde3\" data-element_type=\"container\" data-settings=\"{&quot;content_width&quot;:&quot;full&quot;}\">\n\t\t\t\t<div class=\"elementor-element elementor-element-11619388 elementor-widget elementor-widget-heading\" data-id=\"11619388\" data-element_type=\"widget\" data-widget_type=\"heading.default\">\n\t\t\t\t<div class=\"elementor-widget-container\">\n\t\t\t<h2 class=\"elementor-heading-title elementor-size-default\">\u00bfQu\u00e9 software buscas?<\/h2>\t\t<\/div>\n\t\t\t\t<\/div>\n\t\t\t\t<div class=\"elementor-element elementor-element-27ee186 elementor-widget elementor-widget-heading\" data-id=\"27ee186\" data-element_type=\"widget\" data-widget_type=\"heading.default\">\n\t\t\t\t<div class=\"elementor-widget-container\">\n\t\t\t<h2 class=\"elementor-heading-title elementor-size-default\">Reg\u00edstrate para recibir asesor\u00eda<\/h2>\t\t<\/div>\n\t\t\t\t<\/div>\n\t\t\t\t<\/div>\n\t\t<div class=\"elementor-element elementor-element-3f124c51 e-con-full e-flex e-con e-child\" data-id=\"3f124c51\" data-element_type=\"container\" data-settings=\"{&quot;content_width&quot;:&quot;full&quot;}\">\n\t\t\t\t<div class=\"elementor-element elementor-element-a42905e elementor-widget elementor-widget-shortcode\" data-id=\"a42905e\" data-element_type=\"widget\" data-widget_type=\"shortcode.default\">\n\t\t\t\t<div class=\"elementor-widget-container\">\n\t\t\t\t\t<div class=\"elementor-shortcode\"><div  class=\"dgwt-wcas-search-wrapp dgwt-wcas-has-submit woocommerce dgwt-wcas-style-pirx js-dgwt-wcas-layout-classic dgwt-wcas-layout-classic js-dgwt-wcas-mobile-overlay-enabled\">\n\t\t<form class=\"dgwt-wcas-search-form\" role=\"search\" action=\"https:\/\/wise-meetings.com\/wise-tech\/\" method=\"get\">\n\t\t<div class=\"dgwt-wcas-sf-wrapp\">\n\t\t\t\t\t\t<label class=\"screen-reader-text\"\n\t\t\t\t   for=\"dgwt-wcas-search-input-1\">B\u00fasqueda de productos<\/label>\n\n\t\t\t<input id=\"dgwt-wcas-search-input-1\"\n\t\t\t\t   type=\"search\"\n\t\t\t\t   class=\"dgwt-wcas-search-input\"\n\t\t\t\t   name=\"s\"\n\t\t\t\t   value=\"\"\n\t\t\t\t   placeholder=\"Buscar productos ...\"\n\t\t\t\t   autocomplete=\"off\"\n\t\t\t\t\t\t\t\/>\n\t\t\t<div class=\"dgwt-wcas-preloader\"><\/div>\n\n\t\t\t<div class=\"dgwt-wcas-voice-search\"><\/div>\n\n\t\t\t\t\t\t\t<button type=\"submit\"\n\t\t\t\t\t\taria-label=\"Buscar\"\n\t\t\t\t\t\tclass=\"dgwt-wcas-search-submit\">\t\t\t\t<svg class=\"dgwt-wcas-ico-magnifier\" xmlns=\"http:\/\/www.w3.org\/2000\/svg\" width=\"18\" height=\"18\" viewBox=\"0 0 18 18\">\n\t\t\t\t\t<path  d=\" M 16.722523,17.901412 C 16.572585,17.825208 15.36088,16.670476 14.029846,15.33534 L 11.609782,12.907819 11.01926,13.29667 C 8.7613237,14.783493 5.6172703,14.768302 3.332423,13.259528 -0.07366363,11.010358 -1.0146502,6.5989684 1.1898146,3.2148776\n\t\t\t\t\t\t  1.5505179,2.6611594 2.4056498,1.7447266 2.9644271,1.3130497 3.4423015,0.94387379 4.3921825,0.48568469 5.1732652,0.2475835 5.886299,0.03022609 6.1341883,0 7.2037391,0 8.2732897,0 8.521179,0.03022609 9.234213,0.2475835 c 0.781083,0.23810119 1.730962,0.69629029 2.208837,1.0654662\n\t\t\t\t\t\t  0.532501,0.4113763 1.39922,1.3400096 1.760153,1.8858877 1.520655,2.2998531 1.599025,5.3023778 0.199549,7.6451086 -0.208076,0.348322 -0.393306,0.668209 -0.411622,0.710863 -0.01831,0.04265 1.065556,1.18264 2.408603,2.533307 1.343046,1.350666 2.486621,2.574792 2.541278,2.720279 0.282475,0.7519\n\t\t\t\t\t\t  -0.503089,1.456506 -1.218488,1.092917 z M 8.4027892,12.475062 C 9.434946,12.25579 10.131043,11.855461 10.99416,10.984753 11.554519,10.419467 11.842507,10.042366 12.062078,9.5863882 12.794223,8.0659672 12.793657,6.2652398 12.060578,4.756293 11.680383,3.9737304 10.453587,2.7178427\n\t\t\t\t\t\t  9.730569,2.3710306 8.6921295,1.8729196 8.3992147,1.807606 7.2037567,1.807606 6.0082984,1.807606 5.7153841,1.87292 4.6769446,2.3710306 3.9539263,2.7178427 2.7271301,3.9737304 2.3469352,4.756293 1.6138384,6.2652398 1.6132726,8.0659672 2.3454252,9.5863882 c 0.4167354,0.8654208 1.5978784,2.0575608\n\t\t\t\t\t\t  2.4443766,2.4671358 1.0971012,0.530827 2.3890403,0.681561 3.6130134,0.421538 z\n\t\t\t\t\t\"\/>\n\t\t\t\t<\/svg>\n\t\t\t\t<\/button>\n\t\t\t\n\t\t\t<input type=\"hidden\" name=\"post_type\" value=\"product\"\/>\n\t\t\t<input type=\"hidden\" name=\"dgwt_wcas\" value=\"1\"\/>\n\n\t\t\t\n\t\t\t\t\t<\/div>\n\t<\/form>\n<\/div>\n<\/div>\n\t\t\t\t<\/div>\n\t\t\t\t<\/div>\n\t\t\t\t<div class=\"elementor-element elementor-element-7f27ec05 elementor-widget__width-inherit elementor-widget elementor-widget-premium-addon-modal-box\" data-id=\"7f27ec05\" data-element_type=\"widget\" data-settings=\"{&quot;premium_modal_box_animation&quot;:&quot;fadeInDown&quot;}\" data-widget_type=\"premium-addon-modal-box.default\">\n\t\t\t\t<div class=\"elementor-widget-container\">\n\t\t\t\r\n\t\t<div class=\"premium-modal-box-container\" data-settings=\"{&quot;trigger&quot;:&quot;button&quot;}\">\r\n\t\t\t<div class=\"premium-modal-trigger-container\">\r\n\t\t\t\t\t\t\t\t\t<button data-toggle=\"premium-modal\" data-target=\"#premium-modal-7f27ec05\" type=\"button\" class=\"premium-modal-trigger-btn premium-btn-lg\">\r\n\t\t\t\t\t\t\t\t\t\t\t\t<span>\u00a1Comienza ya!<\/span>\r\n\t\t\t\t\t\t<i class=\"premium-svg-nodraw far fa-comment\" aria-hidden=\"true\"><\/i>\t\t\t\t\t<\/button>\r\n\t\t\t\t\t\t\t<\/div>\r\n\r\n\t\t\t<div id=\"premium-modal-7f27ec05\" class=\"premium-modal-box-modal\" role=\"dialog\" style=\"display: none\">\r\n\t\t\t\t<div class=\"premium-modal-box-modal-dialog\" data-delay-animation=\"\" data-modal-animation=\"fadeInDown animated-fast\">\r\n\t\t\t\t\t\t\t\t\t\t\t<div class=\"premium-modal-box-modal-header\">\r\n\t\t\t\t\t\t\t\t\t\t\t\t\t\t\t<h3 class=\"premium-modal-box-modal-title\">\r\n\t\t\t\t\t\t\t\t\t\u00a1Comienza ya!\t\t\t\t\t\t\t\t<\/h3>\r\n\t\t\t\t\t\t\t\t\t\t\t\t\t\t\t\t\t\t\t\t\t\t<div class=\"premium-modal-box-close-button-container\">\r\n\t\t\t\t\t\t\t\t\t<button type=\"button\" class=\"premium-modal-box-modal-close\" data-dismiss=\"premium-modal\">&times;<\/button>\r\n\t\t\t\t\t\t\t\t<\/div>\r\n\t\t\t\t\t\t\t\t\t\t\t\t\t<\/div>\r\n\t\t\t\t\t\t\t\t\t\t<div class=\"premium-modal-box-modal-body\">\r\n\t\t\t\t\t\t<!-- Inicio Formulario peque\u00f1o -->\n<div class=\"formSmall\">\n<div class=\"inputs\"><label for=\"smallName\">Nombre:<\/label>\n<input class=\"smallName\" name=\"smallName\" required=\"\" type=\"text\" \/>\n<label for=\"smallPhone\">Tel\u00e9fono:<\/label>\n<input class=\"smallPhone\" name=\"smallPhone\" required=\"\" type=\"tel\" value=\"+1\" \/>\n<button class=\"form-submit-btn sigin-btn open-modal\">\n\u00a1Comienza ya!\n<\/button><\/div>\n<\/div>\n<!-- Fin Formulario peque\u00f1o -->\t\t\t\t\t<\/div>\r\n\t\t\t\t\t\t\t\t\t\t\t<div class=\"premium-modal-box-modal-footer\">\r\n\t\t\t\t\t\t\t<button type=\"button\" class=\"premium-modal-box-modal-lower-close\" data-dismiss=\"premium-modal\">\r\n\t\t\t\t\t\t\t\tCerrar\t\t\t\t\t\t\t<\/button>\r\n\t\t\t\t\t\t<\/div>\r\n\t\t\t\t\t\t\t\t\t<\/div>\r\n\t\t\t<\/div>\r\n\t\t<\/div>\r\n\r\n\t\t\t\t<\/div>\n\t\t\t\t<\/div>\n\t\t\t\t<\/div>\n\t\t\t\t\t<\/div>\n\t\t\t\t<\/div>\n\t\t\t\t<\/div>\n\t\t<div class=\"elementor-element elementor-element-af27b8d e-flex e-con-boxed e-con e-parent\" data-id=\"af27b8d\" data-element_type=\"container\" data-settings=\"{&quot;content_width&quot;:&quot;boxed&quot;}\" data-core-v316-plus=\"true\">\n\t\t\t\t\t<div class=\"e-con-inner\">\n\t\t\t\t<div class=\"elementor-element elementor-element-a600b7b elementor-widget elementor-widget-heading\" data-id=\"a600b7b\" data-element_type=\"widget\" data-widget_type=\"heading.default\">\n\t\t\t\t<div class=\"elementor-widget-container\">\n\t\t\t<h2 class=\"elementor-heading-title elementor-size-default\">Categor\u00edas del producto <\/h2>\t\t<\/div>\n\t\t\t\t<\/div>\n\t\t\t\t<div class=\"elementor-element elementor-element-997a9fd lista-de-categorias elementor-widget elementor-widget-wp-widget-woocommerce_product_categories\" data-id=\"997a9fd\" data-element_type=\"widget\" data-widget_type=\"wp-widget-woocommerce_product_categories.default\">\n\t\t\t\t<div class=\"elementor-widget-container\">\n\t\t\t<div class=\"woocommerce widget_product_categories\"><ul class=\"product-categories\"><li class=\"cat-item cat-item-105\"><a href=\"https:\/\/wise-meetings.com\/wise-tech\/categoria-producto\/analisis-de-datos\/\">An\u00e1lisis de datos<\/a><\/li>\n<li class=\"cat-item cat-item-16\"><a href=\"https:\/\/wise-meetings.com\/wise-tech\/categoria-producto\/software-antivirus\/\">Ciberseguridad<\/a><\/li>\n<li class=\"cat-item cat-item-126\"><a href=\"https:\/\/wise-meetings.com\/wise-tech\/categoria-producto\/gestion-financiera-y-contable\/\">Gesti\u00f3n financiera y contable<\/a><\/li>\n<li class=\"cat-item cat-item-83\"><a href=\"https:\/\/wise-meetings.com\/wise-tech\/categoria-producto\/punto-de-venta-pos\/\">Punto de Venta (POS)<\/a><\/li>\n<li class=\"cat-item cat-item-134\"><a href=\"https:\/\/wise-meetings.com\/wise-tech\/categoria-producto\/sistemas-de-gestion-de-clientes\/\">Sistemas de gesti\u00f3n de clientes<\/a><\/li>\n<li class=\"cat-item cat-item-82\"><a href=\"https:\/\/wise-meetings.com\/wise-tech\/categoria-producto\/sistemas-de-gestion-de-inventario\/\">Sistemas de gesti\u00f3n de inventario<\/a><\/li>\n<li class=\"cat-item cat-item-74\"><a href=\"https:\/\/wise-meetings.com\/wise-tech\/categoria-producto\/software-de-nomina\/\">Software de n\u00f3mina<\/a><\/li>\n<li class=\"cat-item cat-item-147\"><a href=\"https:\/\/wise-meetings.com\/wise-tech\/categoria-producto\/software-e-commerce\/\">Software E-commerce<\/a><\/li>\n<li class=\"cat-item cat-item-148\"><a href=\"https:\/\/wise-meetings.com\/wise-tech\/categoria-producto\/soluciones-erp\/\">Soluciones ERP<\/a><\/li>\n<\/ul><\/div>\t\t<\/div>\n\t\t\t\t<\/div>\n\t\t\t\t\t<\/div>\n\t\t\t\t<\/div>\n\t\t\t\t\t\t\t<\/div>\n\t\t","protected":false},"excerpt":{"rendered":"<p>Categor\u00edas \u00bfQu\u00e9 software buscas? Reg\u00edstrate para recibir asesor\u00eda \u00a1Comienza ya! \u00a1Comienza ya! &times; Nombre: Tel\u00e9fono: \u00a1Comienza ya! Cerrar Categor\u00edas del producto<\/p>\n","protected":false},"author":1,"featured_media":0,"parent":0,"menu_order":0,"comment_status":"closed","ping_status":"closed","template":"","meta":{"footnotes":""},"class_list":["post-237","page","type-page","status-publish","hentry"],"_links":{"self":[{"href":"https:\/\/wise-meetings.com\/wise-tech\/wp-json\/wp\/v2\/pages\/237","targetHints":{"allow":["GET"]}}],"collection":[{"href":"https:\/\/wise-meetings.com\/wise-tech\/wp-json\/wp\/v2\/pages"}],"about":[{"href":"https:\/\/wise-meetings.com\/wise-tech\/wp-json\/wp\/v2\/types\/page"}],"author":[{"embeddable":true,"href":"https:\/\/wise-meetings.com\/wise-tech\/wp-json\/wp\/v2\/users\/1"}],"replies":[{"embeddable":true,"href":"https:\/\/wise-meetings.com\/wise-tech\/wp-json\/wp\/v2\/comments?post=237"}],"version-history":[{"count":46,"href":"https:\/\/wise-meetings.com\/wise-tech\/wp-json\/wp\/v2\/pages\/237\/revisions"}],"predecessor-version":[{"id":3078,"href":"https:\/\/wise-meetings.com\/wise-tech\/wp-json\/wp\/v2\/pages\/237\/revisions\/3078"}],"wp:attachment":[{"href":"https:\/\/wise-meetings.com\/wise-tech\/wp-json\/wp\/v2\/media?parent=237"}],"curies":[{"name":"wp","href":"https:\/\/api.w.org\/{rel}","templated":true}]}}